{"id":31,"date":"2015-10-21T12:34:01","date_gmt":"2015-10-21T12:34:01","guid":{"rendered":"http:\/\/test.kriesi.at\/construction\/?page_id=31"},"modified":"2026-01-25T22:47:53","modified_gmt":"2026-01-25T22:47:53","slug":"company","status":"publish","type":"page","link":"https:\/\/tokatelektrik.com\/index.php\/company\/","title":{"rendered":"Hakk\u0131m\u0131zda"},"content":{"rendered":"<div id='full_slider_1'  class='avia-fullwidth-slider main_color avia-shadow   avia-builder-el-0  el_before_av_section  avia-builder-el-first   container_wrap sidebar_right'  ><div  class='avia-slideshow av-2eai7-2e5a684cadd8a11c404dabaf91171be1 avia-slideshow-featured_large av_slideshow_full avia-fade-slider av-slideshow-ui av-control-hidden av-no-slider-navigation av-hide-nav-arrows av-slideshow-autoplay av-loop-endless av-loop-manual-endless av-default-height-applied   avia-slideshow-1' data-slideshow-options=\"{&quot;animation&quot;:&quot;fade&quot;,&quot;autoplay&quot;:true,&quot;loop_autoplay&quot;:&quot;endless&quot;,&quot;interval&quot;:5,&quot;loop_manual&quot;:&quot;manual-endless&quot;,&quot;autoplay_stopper&quot;:false,&quot;noNavigation&quot;:true,&quot;bg_slider&quot;:false,&quot;keep_padding&quot;:false,&quot;hoverpause&quot;:false,&quot;show_slide_delay&quot;:0}\"  itemprop=\"image\" itemscope=\"itemscope\" itemtype=\"https:\/\/schema.org\/ImageObject\" ><ul class='avia-slideshow-inner ' style='padding-bottom: 53.571428571429%;'><li  class='avia-slideshow-slide av-2eai7-2e5a684cadd8a11c404dabaf91171be1__0  av-single-slide slide-1 slide-odd'><div data-rel='slideshow-1' class='avia-slide-wrap '   ><img decoding=\"async\" fetchpriority=\"high\" class=\"wp-image-263 avia-img-lazy-loading-not-263\"  src=\"https:\/\/tokatelektrik.com\/wp-content\/uploads\/2026\/01\/1f738a_637bab12d9d4437599b9376cb3d615a5.jpg-2-1176x630.avif\" width=\"1176\" height=\"630\" title='1f738a_637bab12d9d4437599b9376cb3d615a5.jpg-2' alt=''  itemprop=\"thumbnailUrl\"   \/><\/div><\/li><\/ul><\/div><\/div>\n<div id='av_section_1'  class='avia-section av-mlayj-d226c7b4f1ef3a0942edc32323178ecc main_color avia-section-large avia-no-border-styling  avia-builder-el-1  el_after_av_slideshow_full  el_before_av_section  avia-bg-style-scroll container_wrap sidebar_right'  ><div class='container av-section-cont-open' ><div class='template-page content  av-content-small alpha units'><div class='post-entry post-entry-type-page post-entry-31'><div class='entry-content-wrapper clearfix'>\n\n<style type=\"text\/css\" data-created_by=\"avia_inline_auto\" id=\"style-css-av-lxn6n-6df5bf6461b252efd59aec29ada5ce5f\">\n#top .av-special-heading.av-lxn6n-6df5bf6461b252efd59aec29ada5ce5f{\npadding-bottom:0;\n}\nbody .av-special-heading.av-lxn6n-6df5bf6461b252efd59aec29ada5ce5f .av-special-heading-tag .heading-char{\nfont-size:25px;\n}\n.av-special-heading.av-lxn6n-6df5bf6461b252efd59aec29ada5ce5f .av-subheading{\nfont-size:15px;\n}\n<\/style>\n<div  class='av-special-heading av-lxn6n-6df5bf6461b252efd59aec29ada5ce5f av-special-heading-h2 blockquote modern-quote modern-centered  avia-builder-el-2  el_before_av_hr  avia-builder-el-first '><h2 class='av-special-heading-tag '  itemprop=\"headline\"  >Tokat Elektrik | G\u00fcvenilir altyap\u0131, g\u00fc\u00e7l\u00fc enerji \u00e7\u00f6z\u00fcmleri.<\/h2><div class=\"special-heading-border\"><div class=\"special-heading-inner-border\"><\/div><\/div><\/div>\n\n<style type=\"text\/css\" data-created_by=\"avia_inline_auto\" id=\"style-css-av-l1pq3-31c8affe1719678fbe81c9fee553fc14\">\n#top .hr.av-l1pq3-31c8affe1719678fbe81c9fee553fc14{\nmargin-top:5px;\nmargin-bottom:75px;\n}\n.hr.av-l1pq3-31c8affe1719678fbe81c9fee553fc14 .hr-inner{\nwidth:50px;\nborder-color:#efbb20;\n}\n<\/style>\n<div  class='hr av-l1pq3-31c8affe1719678fbe81c9fee553fc14 hr-custom  avia-builder-el-3  el_after_av_heading  avia-builder-el-last  hr-center hr-icon-no'><span class='hr-inner inner-border-av-border-fat'><span class=\"hr-inner-style\"><\/span><\/span><\/div>\n<\/div><\/div><\/div><!-- close content main div --><\/div><\/div>\n<style type=\"text\/css\" data-created_by=\"avia_inline_auto\" id=\"style-css-av-dj6u3-4797885220ad2c08e193d660d8d58268\">\n.avia-section.av-dj6u3-4797885220ad2c08e193d660d8d58268{\nbackground-color:#fcfcfc;\nbackground-image:unset;\n}\n<\/style>\n<div id='av_section_2'  class='avia-section av-dj6u3-4797885220ad2c08e193d660d8d58268 main_color avia-section-large avia-no-shadow  avia-builder-el-4  el_after_av_section  el_before_av_one_half  avia-bg-style-scroll container_wrap sidebar_right'  ><div class='container av-section-cont-open' ><div class='template-page content  av-content-small alpha units'><div class='post-entry post-entry-type-page post-entry-31'><div class='entry-content-wrapper clearfix'>\n\n<style type=\"text\/css\" data-created_by=\"avia_inline_auto\" id=\"style-css-av-cqj9z-4820e8444347d80c85a820fddf0f6073\">\n.flex_column.av-cqj9z-4820e8444347d80c85a820fddf0f6073{\nborder-width:1px;\nborder-color:#e1e1e1;\nborder-style:solid;\nborder-radius:0px 0px 0px 0px;\npadding:20px 20px 20px 20px;\nbackground-color:#ffffff;\n}\n<\/style>\n<div  class='flex_column av-cqj9z-4820e8444347d80c85a820fddf0f6073 av_one_full  avia-builder-el-5  avia-builder-el-no-sibling  first flex_column_div av-animated-generic bottom-to-top  '     ><p>\n<style type=\"text\/css\" data-created_by=\"avia_inline_auto\" id=\"style-css-av-mkubswiw-7e08b52a2766ad0fc82a9c84ef6ea516\">\n#top .av-special-heading.av-mkubswiw-7e08b52a2766ad0fc82a9c84ef6ea516{\npadding-bottom:10px;\n}\nbody .av-special-heading.av-mkubswiw-7e08b52a2766ad0fc82a9c84ef6ea516 .av-special-heading-tag .heading-char{\nfont-size:25px;\n}\n.av-special-heading.av-mkubswiw-7e08b52a2766ad0fc82a9c84ef6ea516 .av-subheading{\nfont-size:15px;\n}\n<\/style>\n<div  class='av-special-heading av-mkubswiw-7e08b52a2766ad0fc82a9c84ef6ea516 av-special-heading-h3 blockquote modern-quote modern-centered  avia-builder-el-6  el_before_av_textblock  avia-builder-el-first '><h3 class='av-special-heading-tag '  itemprop=\"headline\"  >Hakk\u0131m\u0131zda<\/h3><div class=\"special-heading-border\"><div class=\"special-heading-inner-border\"><\/div><\/div><\/div><br \/>\n<section  class='av_textblock_section av-cfx6f-b23a3e5b5f39648310b475e571746715 '   itemscope=\"itemscope\" itemtype=\"https:\/\/schema.org\/CreativeWork\" ><div class='avia_textblock'  itemprop=\"text\" ><p class=\"p1\">1970 y\u0131l\u0131nda temelleri at\u0131lan Tokat Elektrik, elektrik taahh\u00fct ve altyap\u0131 projelerinde \u00fclkemizin k\u00f6kl\u00fc ve g\u00fcvenilir firmalar\u0131ndan biri olarak faaliyet g\u00f6stermektedir. Kuruldu\u011fumuz g\u00fcnden bu yana, ba\u015fta kamu kurumlar\u0131 olmak \u00fczere bir\u00e7ok nitelikli projeyi teknik standartlara uygun, zaman\u0131nda ve sorunsuz bir \u015fekilde tamamlayarak sekt\u00f6rde g\u00fc\u00e7l\u00fc bir konum edinmi\u015f bulunuyoruz.<\/p>\n<p class=\"p1\">Ersin Tokat\u2019\u0131n y\u00f6neticili\u011finde, s\u00fcrd\u00fcr\u00fclebilir kalite anlay\u0131\u015f\u0131n\u0131 ve m\u00fchendislik disiplinini i\u015fimizin merkezine al\u0131yor; her projede g\u00fcvenli, verimli ve uzun \u00f6m\u00fcrl\u00fc \u00e7\u00f6z\u00fcmler sunmay\u0131 ilke ediniyoruz. 43 y\u0131l\u0131 a\u015fk\u0131n tecr\u00fcbemiz, uzman kadromuz ve yenilik\u00e7i \u00e7al\u0131\u015fma yakla\u015f\u0131m\u0131m\u0131zla; enerji iletiminden da\u011f\u0131t\u0131m\u0131na, altyap\u0131 \u00e7al\u0131\u015fmalar\u0131ndan end\u00fcstriyel tesis uygulamalar\u0131na, rayl\u0131 sistem elektrifikasyonu projelerine ve g\u00fcne\u015f enerjisi santrali (GES) kurulum hizmetlerine kadar geni\u015f bir yelpazede m\u00fc\u015fterilerimize de\u011fer katan \u00e7\u00f6z\u00fcmler sunuyoruz.<\/p>\n<p class=\"p1\">Bu kapsamda, \u015fehir i\u00e7i rayl\u0131 ula\u015f\u0131m hatlar\u0131n\u0131n enerji besleme sistemlerinden trafo merkezlerine, SCADA entegrasyonundan katener hatlar\u0131na; ayr\u0131ca \u00e7at\u0131 tipi ve arazi tipi g\u00fcne\u015f enerjisi santrallerinin m\u00fchendislik, kurulum ve devreye alma s\u00fcre\u00e7lerine kadar t\u00fcm a\u015famalarda g\u00fcvenli ve s\u00fcrd\u00fcr\u00fclebilir uygulamalar ger\u00e7ekle\u015ftiriyoruz.<\/p>\n<p class=\"p1\">Tokat Elektrik olarak, teknik yetkinlik ile titiz i\u015f\u00e7ilikten \u00f6d\u00fcn vermeden, yeni projelerinizi hayata ge\u00e7irmek i\u00e7in g\u00fcvenilir \u00e7\u00f6z\u00fcm orta\u011f\u0131n\u0131z olmaya devam ediyoruz.<\/p>\n<\/div><\/section><\/p><\/div><\/div><\/div><\/div><!-- close content main div --><\/div><\/div><div id='after_section_2'  class='main_color av_default_container_wrap container_wrap sidebar_right'  ><div class='container av-section-cont-open' ><div class='template-page content  av-content-small alpha units'><div class='post-entry post-entry-type-page post-entry-31'><div class='entry-content-wrapper clearfix'>\n<style type=\"text\/css\" data-created_by=\"avia_inline_auto\" id=\"style-css-av-2ubl7-45d25ae14f8fd4be618005e8b352c6e8\">\n.flex_column.av-2ubl7-45d25ae14f8fd4be618005e8b352c6e8{\nborder-radius:0px 0px 0px 0px;\npadding:0px 0px 0px 0px;\n}\n<\/style>\n<div  class='flex_column av-2ubl7-45d25ae14f8fd4be618005e8b352c6e8 av_one_half  avia-builder-el-8  el_after_av_section  el_before_av_one_half  avia-builder-el-first  first flex_column_div av-animated-generic bottom-to-top av-zero-column-padding  '     ><p>\n<style type=\"text\/css\" data-created_by=\"avia_inline_auto\" id=\"style-css-av-mkubwvia-cacd8ce7d5fe15271f3948b0a1c7c87f\">\n#top .av-special-heading.av-mkubwvia-cacd8ce7d5fe15271f3948b0a1c7c87f{\npadding-bottom:10px;\n}\nbody .av-special-heading.av-mkubwvia-cacd8ce7d5fe15271f3948b0a1c7c87f .av-special-heading-tag .heading-char{\nfont-size:25px;\n}\n.av-special-heading.av-mkubwvia-cacd8ce7d5fe15271f3948b0a1c7c87f .av-subheading{\nfont-size:15px;\n}\n<\/style>\n<div  class='av-special-heading av-mkubwvia-cacd8ce7d5fe15271f3948b0a1c7c87f av-special-heading-h3 blockquote modern-quote modern-centered  avia-builder-el-9  el_before_av_textblock  avia-builder-el-first '><h3 class='av-special-heading-tag '  itemprop=\"headline\"  >Vizyonumuz<\/h3><div class=\"special-heading-border\"><div class=\"special-heading-inner-border\"><\/div><\/div><\/div><br \/>\n<section  class='av_textblock_section av-209n7-98ccd33f968059586f4bd33e764c8ff6 '   itemscope=\"itemscope\" itemtype=\"https:\/\/schema.org\/CreativeWork\" ><div class='avia_textblock'  itemprop=\"text\" ><p class=\"p1\">M\u00fc\u015fteri memnuniyetini temel prensip olarak benimseyen firmam\u0131z, bu do\u011frultuda etkin, verimli ve fonksiyonel \u00e7al\u0131\u015fma sistemini uzun y\u0131llard\u0131r s\u00fcrd\u00fcrerek sekt\u00f6rde s\u00fcrd\u00fcr\u00fclebilir m\u00fckemmellik seviyesine ula\u015fmay\u0131 hedeflemektedir. Amac\u0131m\u0131z, edindi\u011fimiz tecr\u00fcbe ve olu\u015fturdu\u011fumuz kalite anlay\u0131\u015f\u0131yla Tokat Elektrik ismini kal\u0131c\u0131 ve g\u00fcvenilir bir marka haline getirmektir.<\/p>\n<p class=\"p1\">Geli\u015fen elektrik teknolojilerini yak\u0131ndan takip eden, kendini s\u00fcrekli yenileyen ve \u00e7\u00f6z\u00fcm odakl\u0131 yakla\u015f\u0131m\u0131 ilke edinen dinamik ekibimizle, \u00fclkemizin artan enerji ihtiya\u00e7lar\u0131na en do\u011fru ve en modern m\u00fchendislik \u00e7\u00f6z\u00fcmlerini sunmay\u0131 ama\u00e7l\u0131yoruz.<\/p>\n<p class=\"p1\">Rayl\u0131 sistem elektrifikasyonu, enerji iletim\u2013da\u011f\u0131t\u0131m altyap\u0131lar\u0131, end\u00fcstriyel tesis uygulamalar\u0131, \u015fehir i\u00e7i\u2013\u015fehir d\u0131\u015f\u0131 enerji projeleri ve g\u00fcne\u015f enerjisi santrali (GES) kurulumu alanlar\u0131nda; g\u00fcvenli, s\u00fcrd\u00fcr\u00fclebilir ve teknik standartlara tam uygun \u00e7\u00f6z\u00fcmler \u00fcreterek sekt\u00f6r\u00fcn gelece\u011fine y\u00f6n veren firmalardan biri olmay\u0131 vizyon edindik.<\/p>\n<p class=\"p1\">Tokat Elektrik olarak, inovasyona dayal\u0131 yakla\u015f\u0131m\u0131m\u0131z ve g\u00fc\u00e7l\u00fc m\u00fchendislik altyap\u0131m\u0131zla; hem bug\u00fcn\u00fcn hem de yar\u0131n\u0131n enerji sistemlerine de\u011fer katmaya kararl\u0131y\u0131z. Amac\u0131m\u0131z, sadece projeleri tamamlayan de\u011fil, her a\u015famada g\u00fcven veren, uzun vadeli kaliteyi garanti eden ve T\u00fcrkiye\u2019nin enerji d\u00f6n\u00fc\u015f\u00fcm\u00fcnde aktif rol oynayan \u00f6nc\u00fc bir marka olmakt\u0131r.<\/p>\n<\/div><\/section><\/p><\/div>\n<style type=\"text\/css\" data-created_by=\"avia_inline_auto\" id=\"style-css-av-1oyur-328118eb464c75b7812dff9d3b46382d\">\n.flex_column.av-1oyur-328118eb464c75b7812dff9d3b46382d{\nborder-radius:0px 0px 0px 0px;\npadding:0px 0px 0px 0px;\n}\n<\/style>\n<div  class='flex_column av-1oyur-328118eb464c75b7812dff9d3b46382d av_one_half  avia-builder-el-11  el_after_av_one_half  avia-builder-el-last  flex_column_div av-animated-generic bottom-to-top av-zero-column-padding  '     ><p>\n<style type=\"text\/css\" data-created_by=\"avia_inline_auto\" id=\"style-css-av-mkubx3d7-eb85739656b2cb99bfee8066950c72af\">\n#top .av-special-heading.av-mkubx3d7-eb85739656b2cb99bfee8066950c72af{\npadding-bottom:10px;\n}\nbody .av-special-heading.av-mkubx3d7-eb85739656b2cb99bfee8066950c72af .av-special-heading-tag .heading-char{\nfont-size:25px;\n}\n.av-special-heading.av-mkubx3d7-eb85739656b2cb99bfee8066950c72af .av-subheading{\nfont-size:15px;\n}\n<\/style>\n<div  class='av-special-heading av-mkubx3d7-eb85739656b2cb99bfee8066950c72af av-special-heading-h3 blockquote modern-quote modern-centered  avia-builder-el-12  el_before_av_textblock  avia-builder-el-first '><h3 class='av-special-heading-tag '  itemprop=\"headline\"  >Misyonumuz<\/h3><div class=\"special-heading-border\"><div class=\"special-heading-inner-border\"><\/div><\/div><\/div><br \/>\n<section  class='av_textblock_section av-10d1v-cab779201379590a9199a1df786bcc69 '   itemscope=\"itemscope\" itemtype=\"https:\/\/schema.org\/CreativeWork\" ><div class='avia_textblock'  itemprop=\"text\" ><p class=\"p1\">M\u00fc\u015fteri memnuniyetini ve kaliteyi temel ilke edinen firmam\u0131z, sahip oldu\u011fu tecr\u00fcbe ve m\u00fchendislik bilgisi ile m\u00fc\u015fterilerimizin enerji ihtiya\u00e7lar\u0131n\u0131 en do\u011fru, g\u00fcvenli ve ekonomik \u00e7\u00f6z\u00fcmlerle kar\u015f\u0131lamay\u0131 hedeflemektedir. Bu do\u011frultuda, her projeye kapsaml\u0131 et\u00fct ve profesyonel projelendirme \u00e7al\u0131\u015fmalar\u0131yla ba\u015flamay\u0131; ihtiya\u00e7lar\u0131 do\u011fru analiz ederek en uygun teknik \u00e7\u00f6z\u00fcm\u00fc sunmay\u0131 misyon ediniyoruz.<\/p>\n<p class=\"p1\">Onaylanan projelerin uygulama a\u015famas\u0131nda ise, uluslararas\u0131 alanda kendini kan\u0131tlam\u0131\u015f, TSE ve ISO belgelerine sahip, kalite ile \u00f6zde\u015f markalar\u0131n \u00fcr\u00fcnlerini kullanarak taahh\u00fct i\u015flerimizi zaman\u0131nda, eksiksiz ve teknik standartlara tam uygun \u015fekilde tamaml\u0131yoruz. Bu s\u00fcre\u00e7te; enerji iletim\u2013da\u011f\u0131t\u0131m altyap\u0131lar\u0131, rayl\u0131 sistem elektrifikasyonu, end\u00fcstriyel tesis uygulamalar\u0131 ve g\u00fcne\u015f enerjisi santrali (GES) kurulum hizmetleri dahil olmak \u00fczere geni\u015f bir yelpazede uzmanl\u0131\u011f\u0131m\u0131z\u0131 ortaya koyuyoruz.<\/p>\n<p class=\"p1\">Proje tesliminden sonra da m\u00fc\u015fterilerimizi yaln\u0131z b\u0131rakm\u0131yor; s\u00fcrd\u00fcr\u00fclebilirlik, g\u00fcvenlik ve sistem verimlili\u011fi a\u00e7\u0131s\u0131ndan gerekli t\u00fcm teknik destek ve dan\u0131\u015fmanl\u0131k hizmetlerini sa\u011flamaya devam ediyoruz. Tokat Elektrik &amp; Sige Enerji ortakl\u0131\u011f\u0131 olarak, y\u00fcr\u00fctt\u00fc\u011f\u00fcm\u00fcz t\u00fcm projelerde uzun y\u0131llara dayanan \u00e7\u00f6z\u00fcm ortakl\u0131\u011f\u0131n\u0131 esas al\u0131yor, m\u00fc\u015fterilerimizin elektrikle ilgili t\u00fcm s\u00fcre\u00e7lerinde g\u00fcvenilir dan\u0131\u015fmanlar\u0131 olmay\u0131 ama\u00e7l\u0131yoruz.<\/p>\n<p class=\"p1\">Kaliteli, h\u0131zl\u0131, ekonomik ve rasyonel \u00e7\u00f6z\u00fcmler \u00fcretme anlay\u0131\u015f\u0131m\u0131zla; her zaman m\u00fc\u015fterilerimizin yan\u0131nda olmay\u0131, ihtiya\u00e7 duyduklar\u0131 her anda uzmanl\u0131\u011f\u0131m\u0131z\u0131 sunmay\u0131 s\u00fcrd\u00fcr\u00fcyoruz.<\/p>\n<\/div><\/section><\/p><\/div><\/p>\n","protected":false},"excerpt":{"rendered":"","protected":false},"author":1,"featured_media":0,"parent":0,"menu_order":0,"comment_status":"closed","ping_status":"closed","template":"","meta":{"footnotes":""},"class_list":["post-31","page","type-page","status-publish","hentry"],"_links":{"self":[{"href":"https:\/\/tokatelektrik.com\/index.php\/wp-json\/wp\/v2\/pages\/31","targetHints":{"allow":["GET"]}}],"collection":[{"href":"https:\/\/tokatelektrik.com\/index.php\/wp-json\/wp\/v2\/pages"}],"about":[{"href":"https:\/\/tokatelektrik.com\/index.php\/wp-json\/wp\/v2\/types\/page"}],"author":[{"embeddable":true,"href":"https:\/\/tokatelektrik.com\/index.php\/wp-json\/wp\/v2\/users\/1"}],"replies":[{"embeddable":true,"href":"https:\/\/tokatelektrik.com\/index.php\/wp-json\/wp\/v2\/comments?post=31"}],"version-history":[{"count":2,"href":"https:\/\/tokatelektrik.com\/index.php\/wp-json\/wp\/v2\/pages\/31\/revisions"}],"predecessor-version":[{"id":276,"href":"https:\/\/tokatelektrik.com\/index.php\/wp-json\/wp\/v2\/pages\/31\/revisions\/276"}],"wp:attachment":[{"href":"https:\/\/tokatelektrik.com\/index.php\/wp-json\/wp\/v2\/media?parent=31"}],"curies":[{"name":"wp","href":"https:\/\/api.w.org\/{rel}","templated":true}]}}