{"id":23,"date":"2015-10-15T15:32:40","date_gmt":"2015-10-15T15:32:40","guid":{"rendered":"http:\/\/wpoffice\/construction\/?page_id=23"},"modified":"2026-01-25T23:00:40","modified_gmt":"2026-01-25T23:00:40","slug":"contact","status":"publish","type":"page","link":"https:\/\/tokatelektrik.com\/index.php\/contact\/","title":{"rendered":"\u0130leti\u015fim"},"content":{"rendered":"\n<style type=\"text\/css\" data-created_by=\"avia_inline_auto\" id=\"style-css-av-9bw83-08ec97d7455bcc8b3d1886aa4f2ff0c5\">\n.flex_column.av-9bw83-08ec97d7455bcc8b3d1886aa4f2ff0c5{\nborder-radius:0px 0px 0px 0px;\npadding:0px 0px 0px 0px;\n}\n<\/style>\n<div  class='flex_column av-9bw83-08ec97d7455bcc8b3d1886aa4f2ff0c5 av_two_third  avia-builder-el-0  el_before_av_one_third  avia-builder-el-first  first flex_column_div av-animated-generic bottom-to-top av-zero-column-padding  '     ><p>\n<style type=\"text\/css\" data-created_by=\"avia_inline_auto\" id=\"style-css-av-8t1ob-be43331d638702ba0655067e820c53cd\">\n#top .av-special-heading.av-8t1ob-be43331d638702ba0655067e820c53cd{\npadding-bottom:0;\n}\nbody .av-special-heading.av-8t1ob-be43331d638702ba0655067e820c53cd .av-special-heading-tag .heading-char{\nfont-size:25px;\n}\n.av-special-heading.av-8t1ob-be43331d638702ba0655067e820c53cd .av-subheading{\nfont-size:15px;\n}\n<\/style>\n<div  class='av-special-heading av-8t1ob-be43331d638702ba0655067e820c53cd av-special-heading-h3 blockquote modern-quote  avia-builder-el-1  el_before_av_hr  avia-builder-el-first '><h3 class='av-special-heading-tag '  itemprop=\"headline\"  >Bize Ula\u015f\u0131n<\/h3><div class=\"special-heading-border\"><div class=\"special-heading-inner-border\"><\/div><\/div><\/div><br \/>\n\n<style type=\"text\/css\" data-created_by=\"avia_inline_auto\" id=\"style-css-av-86nfb-327025c30bc6d3232c4657482f0b1f6e\">\n#top .hr.av-86nfb-327025c30bc6d3232c4657482f0b1f6e{\nmargin-top:10px;\nmargin-bottom:10px;\n}\n.hr.av-86nfb-327025c30bc6d3232c4657482f0b1f6e .hr-inner{\nwidth:50px;\nborder-color:#efbb20;\n}\n<\/style>\n<div  class='hr av-86nfb-327025c30bc6d3232c4657482f0b1f6e hr-custom  avia-builder-el-2  el_after_av_heading  el_before_av_contact  hr-left hr-icon-no'><span class='hr-inner inner-border-av-border-fat'><span class=\"hr-inner-style\"><\/span><\/span><\/div><br \/>\n<form action=\"https:\/\/tokatelektrik.com\/index.php\/contact\/\" method=\"post\" data-fields-with-error=\"Found errors in the following field(s):\" class=\"avia_ajax_form av-form-labels-visible   avia-builder-el-3  el_after_av_hr  avia-builder-el-last   \" data-avia-form-id=\"1\" data-avia-redirect=''  aria-label='Kontakt Formu' ><fieldset><p class='  first_form  form_element form_element_half' id='element_avia_1_1'><label for=\"avia_1_1\">Ad Soyad <abbr class=\"required\" title=\"Zorunlu\">*<\/abbr><\/label> <input name=\"avia_1_1\" class=\"text_input is_empty\" type=\"text\" id=\"avia_1_1\" value=\"\" \/><\/p><p class='  form_element form_element_half' id='element_avia_2_1'><label for=\"avia_2_1\">E-Mail <abbr class=\"required\" title=\"Zorunlu\">*<\/abbr><\/label> <input name=\"avia_2_1\" class=\"text_input is_email\" type=\"text\" id=\"avia_2_1\" value=\"\" \/><\/p><p class='  first_form  form_element form_element_half' id='element_avia_3_1'><label for=\"avia_3_1\">Konu <abbr class=\"required\" title=\"Zorunlu\">*<\/abbr><\/label> <input name=\"avia_3_1\" class=\"text_input is_empty\" type=\"text\" id=\"avia_3_1\" value=\"\" \/><\/p><p class='  first_form  form_element form_fullwidth av-last-visible-form-element' id='element_avia_4_1'><label for=\"avia_4_1\" class=\"textare_label hidden textare_label_avia_4_1\">Message <abbr class=\"required\" title=\"Zorunlu\">*<\/abbr><\/label><textarea  name=\"avia_4_1\" class=\"text_area is_empty\" cols=\"40\" rows=\"7\" id=\"avia_4_1\" ><\/textarea><\/p><p class=\"hidden\"><input type=\"text\" name=\"avia_5_1\" class=\"hidden \" id=\"avia_5_1\" value=\"\" \/><\/p><p class=\"form_element \"><input type=\"hidden\" value=\"1\" name=\"avia_generated_form1\" \/><input type=\"submit\" value=\"Get in touch\" class=\"button\"  data-sending-label=\"G\u00f6nderiliyor\"\/><\/p><\/fieldset><\/form><div id=\"ajaxresponse_1\" class=\"ajaxresponse ajaxresponse_1 hidden\"><\/div><\/p><\/div>\n<style type=\"text\/css\" data-created_by=\"avia_inline_auto\" id=\"style-css-av-3sd77-1d9f0b938909e4fb9c2b81ac5de7529d\">\n.flex_column.av-3sd77-1d9f0b938909e4fb9c2b81ac5de7529d{\nborder-radius:0px 0px 0px 0px;\npadding:0px 0px 0px 0px;\n}\n<\/style>\n<div  class='flex_column av-3sd77-1d9f0b938909e4fb9c2b81ac5de7529d av_one_third  avia-builder-el-4  el_after_av_two_third  avia-builder-el-last  flex_column_div av-animated-generic bottom-to-top av-zero-column-padding  '     ><section  class='av_textblock_section av-15edf-7ac55fa4eb41d7ab7f71ae6daff91623 '   itemscope=\"itemscope\" itemtype=\"https:\/\/schema.org\/CreativeWork\" ><div class='avia_textblock'  itemprop=\"text\" ><p><strong>Merkez Ofis Adres<\/strong><br \/>\nSer\u00e7e\u00f6n\u00fc Mah. Ahmet Pa\u015fa Cad. \u0130kizler \u0130\u015f Merkezi B Blok No:8\/802<br \/>\nKocasinan\/Kayseri<\/p>\n<p><strong>\u0130leti\u015fim<\/strong><br \/>\nbilgi@tokatelektrik.com<br \/>\n0 352 222 70 97<\/p>\n<p><strong>\u00c7al\u0131\u015fma Saatleri<\/strong><br \/>\nPzt-Cmt: 9:00-18:00<\/p>\n<\/div><\/section><\/div><\/p>\n","protected":false},"excerpt":{"rendered":"","protected":false},"author":1,"featured_media":0,"parent":0,"menu_order":0,"comment_status":"closed","ping_status":"closed","template":"","meta":{"footnotes":""},"class_list":["post-23","page","type-page","status-publish","hentry"],"_links":{"self":[{"href":"https:\/\/tokatelektrik.com\/index.php\/wp-json\/wp\/v2\/pages\/23","targetHints":{"allow":["GET"]}}],"collection":[{"href":"https:\/\/tokatelektrik.com\/index.php\/wp-json\/wp\/v2\/pages"}],"about":[{"href":"https:\/\/tokatelektrik.com\/index.php\/wp-json\/wp\/v2\/types\/page"}],"author":[{"embeddable":true,"href":"https:\/\/tokatelektrik.com\/index.php\/wp-json\/wp\/v2\/users\/1"}],"replies":[{"embeddable":true,"href":"https:\/\/tokatelektrik.com\/index.php\/wp-json\/wp\/v2\/comments?post=23"}],"version-history":[{"count":2,"href":"https:\/\/tokatelektrik.com\/index.php\/wp-json\/wp\/v2\/pages\/23\/revisions"}],"predecessor-version":[{"id":279,"href":"https:\/\/tokatelektrik.com\/index.php\/wp-json\/wp\/v2\/pages\/23\/revisions\/279"}],"wp:attachment":[{"href":"https:\/\/tokatelektrik.com\/index.php\/wp-json\/wp\/v2\/media?parent=23"}],"curies":[{"name":"wp","href":"https:\/\/api.w.org\/{rel}","templated":true}]}}